{"id":2,"date":"2018-11-16T14:32:03","date_gmt":"2018-11-16T14:32:03","guid":{"rendered":"http:\/\/haridustehnoloogid.ee\/blog\/?page_id=2"},"modified":"2024-08-06T16:48:57","modified_gmt":"2024-08-06T16:48:57","slug":"jaga","status":"publish","type":"page","link":"https:\/\/haridustehnoloogid.ee\/blog\/jaga\/","title":{"rendered":"Anna oma panus!"},"content":{"rendered":"<p><strong>K\u00f5ik haridustehnoloogid ja haridustehnoloogia-huvilised on oodatud oma leide lisama \ud83d\ude42<\/strong><\/p>\n<p><strong>Uut leidu lisades j\u00e4rgi neid kokkuleppeid:\u00a0<\/strong><\/p>\n<ul>\n<li>lisa postituse pealkirja keskkonna nimi, nii on p\u00e4rast lihtsam otsida.<\/li>\n<li>postituse esimene rida on keskkonna url.<\/li>\n<li>lisa keskkonda iseloomustavad sildid. N\u00e4iteks test, m\u00e4ng, liikumine jnt.<\/li>\n<li>lisa tunnuspildiks ekraanipilt keskkonnast (max 5MB).<br \/>\n<hr \/>\n<\/li>\n<\/ul>\n<form method=\"post\" class=\"fpsml-front-form fpsml-template-4 fpsml-alias-guest_post_form\" data-alias=\"guest_post_form\">\n    <h2 class=\"fpsml-form-title\">Lisa uus viide<\/h2>\n    <input type=\"hidden\" name=\"form_alias\" value=\"guest_post_form\"\/>\n                            <div class=\"fpsml-field-wrap fpsml-post-title\" data-field-key=\"post_title\">\n                        <label>Keskkonna nimi<\/label>\n                        <div class=\"fpsml-field\">\n                            <input type=\"text\" name=\"post_title\" value=\"\"\/>\n                                <div class=\"fpsml-field-note\">Lisa siia keskkonna nimi, sellest saab postituse pealkiri<\/div>\n                                                        <\/div>\n                        <div class=\"fpsml-error\"><\/div>\n                    <\/div>\n                                        <div class=\"fpsml-field-wrap fpsml-post-content\" data-field-key=\"post_content\">\n                        <label>Keskkonna link, kirjeldus ja viide juhenditele<\/label>\n                        <div class=\"fpsml-field\">\n                            <div id=\"wp-fpsml_guest_post_form-wrap\" class=\"wp-core-ui wp-editor-wrap tmce-active\"><link rel='stylesheet' id='dashicons-css' href='https:\/\/haridustehnoloogid.ee\/blog\/wp-includes\/css\/dashicons.min.css?ver=6.9.4' media='all' \/>\n<link rel='stylesheet' id='editor-buttons-css' href='https:\/\/haridustehnoloogid.ee\/blog\/wp-includes\/css\/editor.min.css?ver=6.9.4' media='all' \/>\n<div id=\"wp-fpsml_guest_post_form-editor-tools\" class=\"wp-editor-tools hide-if-no-js\"><div class=\"wp-editor-tabs\"><button type=\"button\" id=\"fpsml_guest_post_form-tmce\" aria-pressed=\"true\" class=\"wp-switch-editor switch-tmce\" data-wp-editor-id=\"fpsml_guest_post_form\">Visuaalredaktor<\/button>\n<button type=\"button\" id=\"fpsml_guest_post_form-html\" class=\"wp-switch-editor switch-html\" data-wp-editor-id=\"fpsml_guest_post_form\">Code<\/button>\n<\/div>\n<\/div>\n<div id=\"wp-fpsml_guest_post_form-editor-container\" class=\"wp-editor-container\"><div id=\"qt_fpsml_guest_post_form_toolbar\" class=\"quicktags-toolbar hide-if-no-js\"><\/div><textarea class=\"fpsml-post-content-editor wp-editor-area\" rows=\"20\" autocomplete=\"off\" cols=\"40\" name=\"post_content\" id=\"fpsml_guest_post_form\"><\/textarea><\/div>\n<\/div>\n\n                                <div class=\"fpsml-field-note\">Postituse esimesele reale lisa keskkonna url <\/div>\n                                                        <\/div>\n                        <div class=\"fpsml-error\"><\/div>\n                    <\/div>\n                                        <div class=\"fpsml-field-wrap fpsml-post-image\" data-field-key=\"post_image\">\n                        <label>Tunnuspilt<\/label>\n                        <div class=\"fpsml-field\">\n                            <div class=\"fpsml-file-uploader\"\n     id=\"fpms-file-uploader-Z4tDUZ4\"\n     data-extensions=\"jpg|jpeg|png|gif|bmp|JPG|JPEG|PNG|BMP\"\n     data-extensions-error-message=\"\"\n     data-file-size-limit=\"5\"\n     data-upload-filesize-error-message=\"lubatud pildi suurus on kuni 5MB\"\n     data-label=\"Lae \u00fcles\"\n     data-field-name=\"post_image\"\n     >\n<\/div>\n<input type=\"hidden\" class=\"fpsml-upload-count\" value=\"0\"\/>\n<input type=\"hidden\" name=\"post_image\" class=\"fpsml-media-id\" value=\"\"\/>\n<div class=\"fpsml-file-preview-wrap\">\n    <\/div>                                <div class=\"fpsml-field-note\">Lisa tunnuspildiks ekraanipilt keskkonnast, lubatud pildi suurus on kuni 5MB. <\/div>\n                                                        <\/div>\n                        <div class=\"fpsml-error\"><\/div>\n                    <\/div>\n                                        <div class=\"fpsml-field-wrap fpsml-taxonomy-select fpsml-category\" data-field-key=\"_taxonomy|category\">\n                        <label>Kategooria<\/label>\n                        <div class=\"fpsml-field\">\n                            <div class=\"fpsml-select-field fpsml-multiple-select\">\n    <select name=\"_taxonomy|category[]\" multiple=\"multiple\">\n        <option value=\"\">Choose Rubriigid<\/option>\n        <option value=\"63\">Ajaplaneerimine<\/option><option value=\"64\">Ekraanisalvestus<\/option><option value=\"1\">Esitluseks<\/option><option value=\"54\">&nbsp;&nbsp;&nbsp;&nbsp;Esitlus<\/option><option value=\"55\">&nbsp;&nbsp;&nbsp;&nbsp;Poster<\/option><option value=\"280\">J\u00e4rjehoidja<\/option><option value=\"58\">Kontoritarkvara<\/option><option value=\"192\">&nbsp;&nbsp;&nbsp;&nbsp;Interaktiivse tahvli tarkvara<\/option><option value=\"481\">Koost\u00f6\u00f6<\/option><option value=\"62\">Linkide l\u00fchendamine<\/option><option value=\"29\">Meedia<\/option><option value=\"56\">&nbsp;&nbsp;&nbsp;&nbsp;Animatsioon<\/option><option value=\"36\">&nbsp;&nbsp;&nbsp;&nbsp;Audio<\/option><option value=\"176\">&nbsp;&nbsp;&nbsp;&nbsp;Ekraanipilt<\/option><option value=\"34\">&nbsp;&nbsp;&nbsp;&nbsp;Joonistamine<\/option><option value=\"31\">&nbsp;&nbsp;&nbsp;&nbsp;Kollaa\u017e<\/option><option value=\"33\">&nbsp;&nbsp;&nbsp;&nbsp;Koomiks<\/option><option value=\"167\">&nbsp;&nbsp;&nbsp;&nbsp;Pildiotsing<\/option><option value=\"32\">&nbsp;&nbsp;&nbsp;&nbsp;Pildiseeria<\/option><option value=\"30\">&nbsp;&nbsp;&nbsp;&nbsp;Pildit\u00f6\u00f6tlus<\/option><option value=\"35\">&nbsp;&nbsp;&nbsp;&nbsp;Video<\/option><option value=\"66\">&nbsp;&nbsp;&nbsp;&nbsp;&nbsp;&nbsp;&nbsp;&nbsp;&nbsp;&nbsp;Skeemid<\/option><option value=\"397\">&nbsp;&nbsp;&nbsp;&nbsp;VR\/AR<\/option><option value=\"75\">Muu<\/option><option value=\"277\">&nbsp;&nbsp;&nbsp;&nbsp;Internetiohutus<\/option><option value=\"444\">Navigeerimine<\/option><option value=\"57\">\u00d5pihaldus\/Klassihaldus<\/option><option value=\"278\">\u00d5ues\u00f5pe<\/option><option value=\"279\">PDF ja print<\/option><option value=\"10\">Proge\/robootika<\/option><option value=\"60\">QR kood<\/option><option value=\"499\">Tehisintellekt<\/option><option value=\"7\">Test\/M\u00e4ng<\/option><option value=\"68\">&nbsp;&nbsp;&nbsp;&nbsp;Klaviatuuri \u00f5ppimine<\/option><option value=\"47\">&nbsp;&nbsp;&nbsp;&nbsp;Kuldvillak<\/option><option value=\"44\">&nbsp;&nbsp;&nbsp;&nbsp;K\u00fcsitlus<\/option><option value=\"48\">&nbsp;&nbsp;&nbsp;&nbsp;M\u00e4ngud<\/option><option value=\"45\">&nbsp;&nbsp;&nbsp;&nbsp;Poll<\/option><option value=\"46\">&nbsp;&nbsp;&nbsp;&nbsp;Rists\u00f5na<\/option><option value=\"43\">&nbsp;&nbsp;&nbsp;&nbsp;Test<\/option><option value=\"67\">&nbsp;&nbsp;&nbsp;&nbsp;T\u00f6\u00f6leht<\/option><option value=\"65\">Uuendused<\/option><option value=\"49\">Vahendid<\/option><option value=\"53\">&nbsp;&nbsp;&nbsp;&nbsp;Ajatelg<\/option><option value=\"51\">&nbsp;&nbsp;&nbsp;&nbsp;M\u00f5istekaart<\/option><option value=\"50\">&nbsp;&nbsp;&nbsp;&nbsp;S\u00f5napilv<\/option><option value=\"38\">Veebileht<\/option><option value=\"193\">&nbsp;&nbsp;&nbsp;&nbsp;Blogi ehk ajaveeb<\/option><option value=\"42\">&nbsp;&nbsp;&nbsp;&nbsp;E-portfoolio<\/option><option value=\"41\">&nbsp;&nbsp;&nbsp;&nbsp;E-raamat<\/option><option value=\"39\">&nbsp;&nbsp;&nbsp;&nbsp;Koduleht<\/option><option value=\"182\">&nbsp;&nbsp;&nbsp;&nbsp;Valge tahvel (Whiteboard)<\/option><option value=\"40\">&nbsp;&nbsp;&nbsp;&nbsp;Veebitahvel<\/option><option value=\"443\">Videok\u00f5ne<\/option>    <\/select>\n<\/div>\n                                <div class=\"fpsml-field-note\">Valida saab vajadusel mitu sobivat, kasuta mitme kategooria valimiseks Ctrl v\u00f5i Cmd klahvi. <\/div>\n                                                        <\/div>\n                        <div class=\"fpsml-error\"><\/div>\n                    <\/div>\n                                        <div class=\"fpsml-field-wrap fpsml-taxonomy-textfield fpsml-post-tag\" data-field-key=\"_taxonomy|post_tag\">\n                        <label>Sildid<\/label>\n                        <div class=\"fpsml-field\">\n                            \n    <input type=\"text\" class=\"fpsml-auto-complete-field\"\/>\n    <textarea class=\"fpsml-available-tags fpsml-display-none\">#pildid #poster,360video,3d,3D-mudel,3D-printimine,4,A1,A1-B1,add-on,agenda,ai,ajakava,ajakiri,ajalugu,ajaplaneerimine,ajatelg,ajaveeb,ajavorm,allalaadimiseks,anatoomia,Android,andurid,animatsioon,animeerimine,ankeet,ansambel,\u00e4pp,Apple,AR,arkaadm\u00e4ng,artikkel,arutelu,arvutamine,astronoomia,audio,bioloogia,Blackberry,blogi,Blue-Bot,bro\u017e\u00fc\u00fcr,canva,Dash,digivahend,diplomid,dokumendihaldus,dokument,e-portfoolio,e-raamat,EdiitAI,eess\u00f5na,eesti keel,ekraan,ekraanisalvestus,esitlus,esitlused,failide saatmine,failiedastus,failihaldus,flashcards,flipbook,foorum,foto,fotot\u00f6\u00f6tlus,Garmin,geograafia,gif,Google,GPS-kunst,grammatika,h5p,haldamine,harjutamine,harjutused,heli,helid,helifail,helit\u00f6\u00f6tlus,hologrammid,infograafik,inglise keel,InO-Bot,interaktiivne,interaktiivne meedia,interaktiivsed materjalid,iOS,j\u00e4lgimine,j\u00e4rjehoidja,joonistamine,j\u00f5ulud,jutustamine,k\u00e4\u00e4namine,kaardid,kaart,kalad,kalender,keelekursus,keele\u00f5pe,keemia,kiirkiri,kiirtr\u00fckkimine,kiituskirjad,kirjandus,kirjutamine,klassihaldus,klaverim\u00e4ng,klaviatuur,kodulehed,koduleht,Kodut\u00f6\u00f6,kogumik,kollaa\u017e,kollanekolmap\u00e4ev,kood,koomiks,koost\u00f6\u00f6,kuldvillak,kultuur,kunst,k\u00fcsimused,k\u00fcsitlus,kutse,liitreaalsus,lingvist,Linux,lipud,logo,loodusained,loodus\u00f5petus,loosimine,maandumislehed,Mac OS,mahukad failid,MakeCode,m\u00e4ng,m\u00e4ngud,m\u00e4ngulisus,m\u00e4rkmed,matemaatika,meem,metoodika,Microsoft,miniraamat,monitooring,moodle,m\u00f5ttem\u00e4ng,multikas,muusika,muusika\u00f5petus,navigeerimine,networking,nimegeneraator,noodipaber,nuputamine,\u00f5petamine,\u00f5piblogi,\u00d5pihaldus\/klassihaldus,\u00f5pik,\u00f5pikeskkond,\u00f5pimapp,\u00f5ppetest,\u00f5ppimine,orienteerumine,origami,\u00f5ues\u00f5pe,paberkujud,PDF,pealinnad,pem pvc,perioodiline tabel,perioodilisustabel,piiramatus mahus,pildit\u00f6\u00f6tlus,pistikprogramm,plakat,poll,p\u00f6\u00f6ramine,post-it,poster,programm,programmeerimine,Q&amp;A,QR,QR kood,raamat,rakendus,registreerimisvormid,rektsioon,riigid,robootika,s\u00e4hvikud,saksa keel,science news,seadmevaba,selgitused,seminar,sensorid,simulatsioon,sisselogimisega,sisselogimiseta,skeemid,slaid,slaidid,slaidiesitlus,s\u00f5nakaardid,s\u00f5napilv,s\u00f5naraamat,s\u00f5nastik,sport,tagasiside,taimer,tasuline,tasuta,tegus\u00f5na,tehisintellekt,tehisintellekt; openai,test,testid,thinglink,todolist,t\u00f6\u00f6leht,t\u00f6\u00f6riistad telefonis,tunniplaan,\u00fchiskirjutamine,\u00fchistahvel,\u00fclesanded,\u00fcritused,uudisvoogude koondaja,vaatamisv\u00e4\u00e4rsused,vabavara,v\u00e4itlus,valge tahvel,v\u00e4lktagasiside,v\u00e4rvimine,vastused,veebileht,veebiloeng,veebip\u00f5hine,veebiseminar,veebitahvel,veebitund,video,viktoriin,virtuaalreaalsus,virtuaaltuur,vituaaltuur,v\u00f5istlus,voldik,voltimine,v\u00f5\u00f5rkeeled,v\u00f5\u00f5rkeeleoskus,v\u00f5\u00f5rkeeles,v\u00f5rgustamine,vormid,VR,Windows,Windows Phone<\/textarea>\n    <input type=\"hidden\" name=\"_taxonomy|post_tag\" class=\"fpsml-auto-complete-values\" value=\"\"\/>\n    <div class=\"fpsml-auto-complete-tags\">\n            <\/div>\n    \n\n                                <div class=\"fpsml-field-note\">Lisa keskkonda iseloomustavad sildid. N\u00e4iteks test, m\u00e4ng, liikumine jnt.<\/div>\n                                                        <\/div>\n                        <div class=\"fpsml-error\"><\/div>\n                    <\/div>\n                    \n            <div class=\"fpsml-field-wrap fpsml-captcha-field\" data-field-key=\"captcha\">\n                <label>ReCaptcha<\/label>\n                <div class=\"fpsml-field\">\n                    <div data-field-key=\"security\">\n                        <script type=\"text\/javascript\" src=\"\/\/www.google.com\/recaptcha\/api.js\"><\/script>\n                        <div class=\"g-recaptcha\" data-sitekey=\"6Lcw37wmAAAAAIXSAuYsCmWyybcMuUNDRRoTVGzq\"><\/div>\n                    <\/div>\n                <\/div>\n            <\/div>\n                <div class=\"fpsml-field-wrap fpsml-has-submit-btn\">\n        <div class=\"fpsml-field\">\n            <input type=\"submit\" value=\"Kinnita\"\/>\n            <img decoding=\"async\" src=\"https:\/\/haridustehnoloogid.ee\/blog\/wp-content\/plugins\/frontend-post-submission-manager-lite\/assets\/images\/ajax-loader-front.gif\" class=\"fpsml-ajax-loader\"\/>\n        <\/div>\n    <\/div>\n    <div class=\"fpsml-form-message fpsml-display-none\"><\/div>\n<\/form>\n\n\n","protected":false},"excerpt":{"rendered":"<p>K\u00f5ik haridustehnoloogid ja haridustehnoloogia-huvilised on oodatud oma leide lisama \ud83d\ude42 Uut leidu lisades j\u00e4rgi neid kokkuleppeid:\u00a0 lisa postituse pealkirja keskkonna nimi, nii on p\u00e4rast lihtsam otsida. postituse esimene rida on keskkonna url. lisa keskkonda iseloomustavad sildid. N\u00e4iteks test, m\u00e4ng, liikumine jnt. lisa tunnuspildiks ekraanipilt keskkonnast (max 5MB).<\/p>\n","protected":false},"author":1,"featured_media":0,"parent":0,"menu_order":0,"comment_status":"closed","ping_status":"closed","template":"","meta":{"_kad_post_transparent":"default","_kad_post_title":"default","_kad_post_layout":"default","_kad_post_sidebar_id":"","_kad_post_content_style":"default","_kad_post_vertical_padding":"default","_kad_post_feature":"","_kad_post_feature_position":"","_kad_post_header":false,"_kad_post_footer":false,"footnotes":""},"class_list":["post-2","page","type-page","status-publish","hentry"],"_links":{"self":[{"href":"https:\/\/haridustehnoloogid.ee\/blog\/wp-json\/wp\/v2\/pages\/2","targetHints":{"allow":["GET"]}}],"collection":[{"href":"https:\/\/haridustehnoloogid.ee\/blog\/wp-json\/wp\/v2\/pages"}],"about":[{"href":"https:\/\/haridustehnoloogid.ee\/blog\/wp-json\/wp\/v2\/types\/page"}],"author":[{"embeddable":true,"href":"https:\/\/haridustehnoloogid.ee\/blog\/wp-json\/wp\/v2\/users\/1"}],"replies":[{"embeddable":true,"href":"https:\/\/haridustehnoloogid.ee\/blog\/wp-json\/wp\/v2\/comments?post=2"}],"version-history":[{"count":15,"href":"https:\/\/haridustehnoloogid.ee\/blog\/wp-json\/wp\/v2\/pages\/2\/revisions"}],"predecessor-version":[{"id":2104,"href":"https:\/\/haridustehnoloogid.ee\/blog\/wp-json\/wp\/v2\/pages\/2\/revisions\/2104"}],"wp:attachment":[{"href":"https:\/\/haridustehnoloogid.ee\/blog\/wp-json\/wp\/v2\/media?parent=2"}],"curies":[{"name":"wp","href":"https:\/\/api.w.org\/{rel}","templated":true}]}}